{"id":637,"date":"2024-06-13T21:05:15","date_gmt":"2024-06-13T21:05:15","guid":{"rendered":"https:\/\/newproject.serverxdigitalmarketing.com\/willowsgroomer\/?page_id=637"},"modified":"2024-09-13T15:13:53","modified_gmt":"2024-09-13T15:13:53","slug":"la-primera-cita-del-perro","status":"publish","type":"page","link":"https:\/\/newproject.serverxdigitalmarketing.com\/willow-backup\/es\/la-primera-cita-del-perro\/","title":{"rendered":"La primera cita del perro"},"content":{"rendered":"<section class=\"l-section wpb_row height_medium\" id=\"first\"><div class=\"l-section-h i-cf\"><div class=\"g-cols vc_row via_grid cols_1 laptops-cols_inherit tablets-cols_inherit mobiles-cols_1 valign_middle type_default stacking_default\"><div class=\"wpb_column vc_column_container\"><div class=\"vc_column-inner\"><div class=\"ult-spacer spacer-69f6445ea538e\" data-id=\"69f6445ea538e\" data-height=\"\" data-height-mobile=\"\" data-height-tab=\"\" data-height-tab-portrait=\"\" data-height-mobile-landscape=\"\" style=\"clear:both;display:block;\"><\/div><div id=\"ultimate-heading-590169f6445ea541e\" class=\"uvc-heading ult-adjust-bottom-margin ultimate-heading-590169f6445ea541e uvc-9567 \" data-hspacer=\"line_only\"  data-halign=\"left\" style=\"text-align:left\"><div class=\"uvc-sub-heading ult-responsive\"  data-ultimate-target='.uvc-heading.ultimate-heading-590169f6445ea541e .uvc-sub-heading '  data-responsive-json-new='{\"font-size\":\"\",\"line-height\":\"\"}'  style=\"font-weight:normal;\">\n<h1>La primera cita <span style=\"color: #6622aa;\">del perro<\/span><\/h1>\n<\/div><div class=\"uvc-heading-spacer line_only\" style=\"margin-top:5px;margin-bottom:10px;height:3px;\"><span class=\"uvc-headings-line\" style=\"border-style:solid;border-bottom-width:3px;border-color:#6622aa;width:150px;\"><\/span><\/div><\/div><div class=\"ult-spacer spacer-69f6445ea54a3\" data-id=\"69f6445ea54a3\" data-height=\"30\" data-height-mobile=\"30\" data-height-tab=\"30\" data-height-tab-portrait=\"\" data-height-mobile-landscape=\"\" style=\"clear:both;display:block;\"><\/div><div class=\"wpb_text_column\"><div class=\"wpb_wrapper\"><p>\u00a1Estamos muy emocionados de que haya decidido probar Willow&#8217;s Groomer! \u00a1El equipo de Willow&#8217;s Groomer est\u00e1 ansioso por conocerte! Antes de su primera cita, aqu\u00ed hay algunas cosas que puede hacer para que su registro sea un poco m\u00e1s corto y sencillo.<\/p>\n<\/div><\/div><div class=\"ult-spacer spacer-69f6445ea5ed6\" data-id=\"69f6445ea5ed6\" data-height=\"30\" data-height-mobile=\"30\" data-height-tab=\"30\" data-height-tab-portrait=\"\" data-height-mobile-landscape=\"\" style=\"clear:both;display:block;\"><\/div><div class=\"g-cols wpb_row via_grid cols_3 laptops-cols_inherit tablets-cols_inherit mobiles-cols_1 valign_top type_default stacking_default\" style=\"--gap:3rem;\"><div class=\"wpb_column vc_column_container\"><div class=\"vc_column-inner\"><div class=\"aio-icon-component    style_1\"><div id=\"Info-box-wrap-7070\" class=\"aio-icon-box top-icon\" style=\"\"  ><div class=\"aio-icon-top\"><div class=\"ult-just-icon-wrapper  \"><div class=\"align-icon\" style=\"text-align:center;\">\n<div class=\"aio-icon-img \" style=\"font-size:58px;display:inline-block;\" >\n\t<img decoding=\"async\" class=\"img-icon\" alt=\"null\" src=\"https:\/\/newproject.serverxdigitalmarketing.com\/willow-backup\/wp-content\/uploads\/2024\/06\/vaccine-1.png\"\/>\n<\/div><\/div><\/div><\/div><div class=\"aio-icon-header\" ><h3 class=\"aio-icon-title ult-responsive\"  data-ultimate-target='#Info-box-wrap-7070 .aio-icon-title'  data-responsive-json-new='{\"font-size\":\"\",\"line-height\":\"\"}'  style=\"\">Prueba de vacunas:<\/h3><\/div> <!-- header --><div class=\"aio-icon-description ult-responsive\"  data-ultimate-target='#Info-box-wrap-7070 .aio-icon-description'  data-responsive-json-new='{\"font-size\":\"\",\"line-height\":\"\"}'  style=\"\">Antes de que nuestro equipo pueda comenzar a trabajar con su beb\u00e9 peludo, necesitaremos ver la fecha de vencimiento de la vacuna contra la rabia. (Desafortunadamente, la etiqueta contra la rabia es insuficiente porque no podemos saber el mes y el d\u00eda en que vence la pr\u00f3xima vez). Puede traer una copia impresa que muestre la pr\u00f3xima fecha de vencimiento a su cita, o puede enviarla antes a nuestro correo <a href=\"mailto:willowsgroomer@gmail.com\">electr\u00f3nico<\/a>.<\/div> <!-- description --><\/div> <!-- aio-icon-box --><\/div> <!-- aio-icon-component --><\/div><\/div><div class=\"wpb_column vc_column_container\"><div class=\"vc_column-inner\"><div class=\"aio-icon-component    style_1\"><div id=\"Info-box-wrap-4595\" class=\"aio-icon-box top-icon\" style=\"\"  ><div class=\"aio-icon-top\"><div class=\"ult-just-icon-wrapper  \"><div class=\"align-icon\" style=\"text-align:center;\">\n<div class=\"aio-icon-img \" style=\"font-size:58px;display:inline-block;\" >\n\t<img decoding=\"async\" class=\"img-icon\" alt=\"null\" src=\"https:\/\/newproject.serverxdigitalmarketing.com\/willow-backup\/wp-content\/uploads\/2024\/06\/contact-form.png\"\/>\n<\/div><\/div><\/div><\/div><div class=\"aio-icon-header\" ><h3 class=\"aio-icon-title ult-responsive\"  data-ultimate-target='#Info-box-wrap-4595 .aio-icon-title'  data-responsive-json-new='{\"font-size\":\"\",\"line-height\":\"\"}'  style=\"\">Rellene nuestro formulario de inscripci\u00f3n:<\/h3><\/div> <!-- header --><div class=\"aio-icon-description ult-responsive\"  data-ultimate-target='#Info-box-wrap-4595 .aio-icon-description'  data-responsive-json-new='{\"font-size\":\"\",\"line-height\":\"\"}'  style=\"\">Grooming is a very personable process, and we would like to know as much about your dog as we can. This form allows that to happen and will give you some additional details on a few of our policies. You can fill it out before your appointment, email it back to us filled out, or feel free to print it and bring it to your first visit. You can find our Enrollment Form<a href=\"https:\/\/newproject.serverxdigitalmarketing.com\/willow-backup\/s\/Grooming-Enrollment-Form-Waiver_Updated_2023-01-18_Optimized.pdf\" target=\"_blank\" rel=\"noopener\"> HERE<\/a>. The Willow\u2019s Groomer Team is always available to answer any questions you may have about this!<\/div> <!-- description --><\/div> <!-- aio-icon-box --><\/div> <!-- aio-icon-component --><\/div><\/div><div class=\"wpb_column vc_column_container\"><div class=\"vc_column-inner\"><div class=\"aio-icon-component    style_1\"><div id=\"Info-box-wrap-7324\" class=\"aio-icon-box top-icon\" style=\"\"  ><div class=\"aio-icon-top\"><div class=\"ult-just-icon-wrapper  \"><div class=\"align-icon\" style=\"text-align:center;\">\n<div class=\"aio-icon-img \" style=\"font-size:58px;display:inline-block;\" >\n\t<img decoding=\"async\" class=\"img-icon\" alt=\"null\" src=\"https:\/\/newproject.serverxdigitalmarketing.com\/willow-backup\/wp-content\/uploads\/2024\/06\/dog-1.png\"\/>\n<\/div><\/div><\/div><\/div><div class=\"aio-icon-header\" ><h3 class=\"aio-icon-title ult-responsive\"  data-ultimate-target='#Info-box-wrap-7324 .aio-icon-title'  data-responsive-json-new='{\"font-size\":\"\",\"line-height\":\"\"}'  style=\"\">\u00bfRecibiendo un corte de pelo?<\/h3><\/div> <!-- header --><div class=\"aio-icon-description ult-responsive\"  data-ultimate-target='#Info-box-wrap-7324 .aio-icon-description'  data-responsive-json-new='{\"font-size\":\"\",\"line-height\":\"\"}'  style=\"\">Grooming is a very personable process, and we would like to know as much about your dog as we can. This form allows that to happen and will give you some additional details on a few of our policies. You can fill it out before your appointment, email it back to us filled out, or feel free to print it and bring it to your first visit. You can find our Enrollment Form<a href=\"https:\/\/newproject.serverxdigitalmarketing.com\/willow-backup\/s\/Grooming-Enrollment-Form-Waiver_Updated_2023-01-18_Optimized.pdf\" target=\"_blank\" rel=\"noopener\"> HERE<\/a>. The Willow\u2019s Groomer Team is always available to answer any questions you may have about this!<\/div> <!-- description --><\/div> <!-- aio-icon-box --><\/div> <!-- aio-icon-component --><\/div><\/div><\/div><\/div><\/div><\/div><\/div><\/section><section class=\"l-section wpb_row height_medium with_shape\"><div class=\"l-section-overlay\" style=\"background:#6622aa\"><\/div><div class=\"l-section-shape type_wave pos_top on_front\" style=\"height:12vmin;\"><svg xmlns=\"http:\/\/www.w3.org\/2000\/svg\" viewBox=\"0 4 64 4\" preserveAspectRatio=\"none\" width=\"100%\" height=\"100%\">\r\n\t<path fill=\"currentColor\" d=\"M64 6 C32 0 32 12 0 6 L0 8 L64 8 Z\"\/>\r\n<\/svg><\/div><div class=\"l-section-shape type_wave pos_bottom on_front\" style=\"height:12vmin;\"><svg xmlns=\"http:\/\/www.w3.org\/2000\/svg\" viewBox=\"0 4 64 4\" preserveAspectRatio=\"none\" width=\"100%\" height=\"100%\">\r\n\t<path fill=\"currentColor\" d=\"M64 6 C32 0 32 12 0 6 L0 8 L64 8 Z\"\/>\r\n<\/svg><\/div><div class=\"l-section-h i-cf\"><div class=\"g-cols vc_row via_grid cols_1-4-1 laptops-cols_inherit tablets-cols_inherit mobiles-cols_1 valign_middle type_default stacking_default\"><div class=\"wpb_column vc_column_container\"><div class=\"vc_column-inner\"><\/div><\/div><div class=\"wpb_column vc_column_container\"><div class=\"vc_column-inner\"><div class=\"ult-spacer spacer-69f6445ea980c\" data-id=\"69f6445ea980c\" data-height=\"60\" data-height-mobile=\"60\" data-height-tab=\"60\" data-height-tab-portrait=\"\" data-height-mobile-landscape=\"\" style=\"clear:both;display:block;\"><\/div><div class=\"g-cols wpb_row via_grid cols_1 laptops-cols_inherit tablets-cols_inherit mobiles-cols_1 valign_top type_default stacking_default\" style=\"--gap:1rem;\" id=\"white-box\"><div class=\"wpb_column vc_column_container\"><div class=\"vc_column-inner\"><div class=\"wpb_text_column\"><div class=\"wpb_wrapper\"><h3>Cuando llegues<\/h3>\n<\/div><\/div><div class=\"ult-spacer spacer-69f6445eaa2bf\" data-id=\"69f6445eaa2bf\" data-height=\"30\" data-height-mobile=\"30\" data-height-tab=\"30\" data-height-tab-portrait=\"\" data-height-mobile-landscape=\"\" style=\"clear:both;display:block;\"><\/div><div class=\"wpb_text_column\"><div class=\"wpb_wrapper\"><p class=\"\">Ha llegado el gran d\u00eda, te est\u00e1s preparando para entrar en nuestro hermoso estacionamiento. A continuaci\u00f3n se ofrecen algunos consejos \u00fatiles antes de saltar del coche y entrar:<\/p>\n<ul data-rte-list=\"default\">\n<li>\n<p class=\"\">Nuestra tienda est\u00e1 ubicada en una calle muy transitada. Recomendamos encarecidamente el uso de correas y asegurarse de tener control sobre su perro antes de salir del coche. \u00a1Es posible que incluso desees volver a verificar que el collar o el arn\u00e9s de tu perro a\u00fan le queden bien!<\/p>\n<\/li>\n<li>\n<p class=\"\">\u00a1Los perros se divertir\u00e1n m\u00e1s con nosotros si no tienen que ir al ba\u00f1o! Llegue un poco temprano y lleve a su perro a ir al ba\u00f1o. Tener que ir al ba\u00f1o durante un d\u00eda de spa no es divertido para nadie y agradecer\u00edamos no tener que detener la fiesta para ir al ba\u00f1o. Si su perro pasa por el n\u00famero 2 afuera de nuestra tienda, tenemos un pr\u00e1ctico contenedor de basura en el frente de nuestro porche y le agradecer\u00edamos que recoja los excrementos de su perro. \u00bfOlvidaste tus pr\u00e1cticas bolsas para excrementos? <strong>\u00a1SIN MIEDO!<\/strong> Nuestra maravillosa recepcionista interna puede entregarle uno (por nuestra cuenta) para que pueda ocuparse de los asuntos de su perro.<\/p>\n<\/li>\n<\/ul>\n<\/div><\/div><\/div><\/div><\/div><div class=\"ult-spacer spacer-69f6445eaa5f4\" data-id=\"69f6445eaa5f4\" data-height=\"60\" data-height-mobile=\"60\" data-height-tab=\"60\" data-height-tab-portrait=\"\" data-height-mobile-landscape=\"\" style=\"clear:both;display:block;\"><\/div><\/div><\/div><div class=\"wpb_column vc_column_container\"><div class=\"vc_column-inner\"><\/div><\/div><\/div><\/div><\/section><section class=\"l-section wpb_row us_custom_f658a1ad height_medium with_img with_shape\" id=\"about\"><div class=\"l-section-img\" role=\"img\" data-img-width=\"2000\" data-img-height=\"880\" style=\"background-image: url(https:\/\/newproject.serverxdigitalmarketing.com\/willow-backup\/wp-content\/uploads\/2024\/06\/background-3-1.jpg);\"><\/div><div class=\"l-section-shape type_wave pos_bottom on_front hor_flip\" style=\"height:15vmin;color:#361259\"><svg xmlns=\"http:\/\/www.w3.org\/2000\/svg\" viewBox=\"0 4 64 4\" preserveAspectRatio=\"none\" width=\"100%\" height=\"100%\">\r\n\t<path fill=\"currentColor\" d=\"M64 6 C32 0 32 12 0 6 L0 8 L64 8 Z\"\/>\r\n<\/svg><\/div><div class=\"l-section-h i-cf\"><div class=\"g-cols vc_row via_grid cols_2 laptops-cols_inherit tablets-cols_inherit mobiles-cols_1 valign_middle type_default stacking_default\"><div class=\"wpb_column vc_column_container us_custom_8f7b07a9 us_animate_this\"><div class=\"vc_column-inner\"><div class=\"w-image img-1 align_none\"><div class=\"w-image-h\"><img decoding=\"async\" width=\"900\" height=\"900\" src=\"https:\/\/newproject.serverxdigitalmarketing.com\/willow-backup\/wp-content\/uploads\/2024\/06\/door-1.jpg\" class=\"attachment-large size-large\" alt=\"\" loading=\"lazy\" srcset=\"https:\/\/newproject.serverxdigitalmarketing.com\/willow-backup\/wp-content\/uploads\/2024\/06\/door-1.jpg 900w, https:\/\/newproject.serverxdigitalmarketing.com\/willow-backup\/wp-content\/uploads\/2024\/06\/door-1-300x300.jpg 300w, https:\/\/newproject.serverxdigitalmarketing.com\/willow-backup\/wp-content\/uploads\/2024\/06\/door-1-150x150.jpg 150w\" sizes=\"auto, (max-width: 900px) 100vw, 900px\" \/><\/div><\/div><\/div><\/div><div class=\"wpb_column vc_column_container us_custom_b5bd4ca3 us_animate_this\"><div class=\"vc_column-inner\"><div class=\"wpb_text_column\"><div class=\"wpb_wrapper\"><h5>Dirigirse al interior y registrarse<\/h5>\n<\/div><\/div><div class=\"ult-spacer spacer-69f6445eac8a5\" data-id=\"69f6445eac8a5\" data-height=\"30\" data-height-mobile=\"30\" data-height-tab=\"30\" data-height-tab-portrait=\"\" data-height-mobile-landscape=\"\" style=\"clear:both;display:block;\"><\/div><div class=\"wpb_text_column\"><div class=\"wpb_wrapper\"><p>Una vez que su(s) mascota(s) haya(n) ido al ba\u00f1o, \u00a1es hora de entrar para registrarla! Juliana, nuestra recepcionista lo recibir\u00e1 con una c\u00e1lida bienvenida y comenzar\u00e1 su proceso de check-in. Primero, nos aseguraremos de tener un buen n\u00famero de tel\u00e9fono al que llamar para recogerlo. Guardar nuestro n\u00famero de tel\u00e9fono en su tel\u00e9fono puede facilitar a\u00fan m\u00e1s la recogida de llamadas. Luego, Juliana confirmar\u00e1 los servicios contigo y repasar\u00e1 lo que est\u00e1 incluido. Este es un buen momento para agregar cualquiera de nuestros <a href=\"https:\/\/newproject.serverxdigitalmarketing.com\/willow-backup\/addons-1\">complementos<\/a>, \u00a1as\u00ed que aseg\u00farese de revisarlos! Luego confirmaremos que tenemos la fecha l\u00edmite de la vacuna contra la rabia en nuestro sistema y que ha completado nuestro <a href=\"https:\/\/newproject.serverxdigitalmarketing.com\/willow-backup\/s\/Grooming-Enrollment-Form-Waiver_Updated_2023-01-18_Optimized.pdf\">formulario de inscripci\u00f3n<\/a>. Una vez que hayamos confirmado todo eso, haremos que su peluquero se acerque para tener una consulta individual sobre el corte de pelo de su mascota. Si su mascota solo est\u00e1 aqu\u00ed para un paquete de ba\u00f1o de lujo, Juliana u otro miembro del equipo se llevar\u00e1 a su mascota para comenzar la diversi\u00f3n.<\/p>\n<\/div><\/div><\/div><\/div><\/div><\/div><\/section>\n","protected":false},"excerpt":{"rendered":"La primera cita del perro \u00a1Estamos muy emocionados de que haya decidido probar Willow&#8217;s Groomer! \u00a1El equipo de Willow&#8217;s Groomer est\u00e1 ansioso por conocerte! Antes de su primera cita, aqu\u00ed hay algunas cosas que puede hacer para que su registro sea un poco m\u00e1s corto y sencillo. Prueba de vacunas: Antes de que nuestro equipo...","protected":false},"author":1,"featured_media":0,"parent":0,"menu_order":0,"comment_status":"closed","ping_status":"closed","template":"","meta":{"footnotes":""},"class_list":["post-637","page","type-page","status-publish","hentry"],"_links":{"self":[{"href":"https:\/\/newproject.serverxdigitalmarketing.com\/willow-backup\/es\/wp-json\/wp\/v2\/pages\/637","targetHints":{"allow":["GET"]}}],"collection":[{"href":"https:\/\/newproject.serverxdigitalmarketing.com\/willow-backup\/es\/wp-json\/wp\/v2\/pages"}],"about":[{"href":"https:\/\/newproject.serverxdigitalmarketing.com\/willow-backup\/es\/wp-json\/wp\/v2\/types\/page"}],"author":[{"embeddable":true,"href":"https:\/\/newproject.serverxdigitalmarketing.com\/willow-backup\/es\/wp-json\/wp\/v2\/users\/1"}],"replies":[{"embeddable":true,"href":"https:\/\/newproject.serverxdigitalmarketing.com\/willow-backup\/es\/wp-json\/wp\/v2\/comments?post=637"}],"version-history":[{"count":6,"href":"https:\/\/newproject.serverxdigitalmarketing.com\/willow-backup\/es\/wp-json\/wp\/v2\/pages\/637\/revisions"}],"predecessor-version":[{"id":1554,"href":"https:\/\/newproject.serverxdigitalmarketing.com\/willow-backup\/es\/wp-json\/wp\/v2\/pages\/637\/revisions\/1554"}],"wp:attachment":[{"href":"https:\/\/newproject.serverxdigitalmarketing.com\/willow-backup\/es\/wp-json\/wp\/v2\/media?parent=637"}],"curies":[{"name":"wp","href":"https:\/\/api.w.org\/{rel}","templated":true}]}}