{"id":642,"date":"2024-06-13T17:36:38","date_gmt":"2024-06-13T17:36:38","guid":{"rendered":"https:\/\/newproject.serverxdigitalmarketing.com\/willowsgroomer\/?page_id=642"},"modified":"2025-03-12T17:15:57","modified_gmt":"2025-03-12T17:15:57","slug":"dog-services-and-pricing-2","status":"publish","type":"page","link":"https:\/\/newproject.serverxdigitalmarketing.com\/willow-backup\/es\/dog-services-and-pricing-2\/","title":{"rendered":"Dog Services and Pricing"},"content":{"rendered":"<section class=\"l-section wpb_row height_medium\"><div class=\"l-section-h i-cf\"><div class=\"g-cols vc_row via_grid cols_1-2 laptops-cols_inherit tablets-cols_inherit mobiles-cols_1 valign_middle type_default stacking_default\"><div class=\"wpb_column vc_column_container\"><div class=\"vc_column-inner\"><div class=\"w-image img-1 align_none\"><div class=\"w-image-h\"><img decoding=\"async\" width=\"1000\" height=\"1000\" src=\"https:\/\/newproject.serverxdigitalmarketing.com\/willow-backup\/wp-content\/uploads\/2024\/06\/dog.jpg\" class=\"attachment-large size-large\" alt=\"\" loading=\"lazy\" srcset=\"https:\/\/newproject.serverxdigitalmarketing.com\/willow-backup\/wp-content\/uploads\/2024\/06\/dog.jpg 1000w, https:\/\/newproject.serverxdigitalmarketing.com\/willow-backup\/wp-content\/uploads\/2024\/06\/dog-300x300.jpg 300w, https:\/\/newproject.serverxdigitalmarketing.com\/willow-backup\/wp-content\/uploads\/2024\/06\/dog-150x150.jpg 150w\" sizes=\"auto, (max-width: 1000px) 100vw, 1000px\" \/><\/div><\/div><div class=\"w-image img-2 align_none\"><div class=\"w-image-h\"><img decoding=\"async\" width=\"1000\" height=\"1000\" src=\"https:\/\/newproject.serverxdigitalmarketing.com\/willow-backup\/wp-content\/uploads\/2024\/06\/2149198673.jpg\" class=\"attachment-large size-large\" alt=\"\" loading=\"lazy\" srcset=\"https:\/\/newproject.serverxdigitalmarketing.com\/willow-backup\/wp-content\/uploads\/2024\/06\/2149198673.jpg 1000w, https:\/\/newproject.serverxdigitalmarketing.com\/willow-backup\/wp-content\/uploads\/2024\/06\/2149198673-300x300.jpg 300w, https:\/\/newproject.serverxdigitalmarketing.com\/willow-backup\/wp-content\/uploads\/2024\/06\/2149198673-150x150.jpg 150w\" sizes=\"auto, (max-width: 1000px) 100vw, 1000px\" \/><\/div><\/div><\/div><\/div><div class=\"wpb_column vc_column_container\"><div class=\"vc_column-inner\"><div class=\"ult-spacer spacer-69f637d05aeab\" data-id=\"69f637d05aeab\" data-height=\"\" data-height-mobile=\"\" data-height-tab=\"\" data-height-tab-portrait=\"\" data-height-mobile-landscape=\"\" style=\"clear:both;display:block;\"><\/div><div id=\"ultimate-heading-179669f637d05af69\" class=\"uvc-heading ult-adjust-bottom-margin ultimate-heading-179669f637d05af69 uvc-1192 \" data-hspacer=\"line_only\"  data-halign=\"left\" style=\"text-align:left\"><div class=\"uvc-sub-heading ult-responsive\"  data-ultimate-target='.uvc-heading.ultimate-heading-179669f637d05af69 .uvc-sub-heading '  data-responsive-json-new='{\"font-size\":\"\",\"line-height\":\"\"}'  style=\"font-weight:normal;\">\n<h1>Dog Services <span style=\"color: #6622aa;\">and Pricing<\/span><\/h1>\n<\/div><div class=\"uvc-heading-spacer line_only\" style=\"margin-top:5px;margin-bottom:10px;height:3px;\"><span class=\"uvc-headings-line\" style=\"border-style:solid;border-bottom-width:3px;border-color:#6622aa;width:150px;\"><\/span><\/div><\/div><div class=\"ult-spacer spacer-69f637d05affd\" data-id=\"69f637d05affd\" data-height=\"30\" data-height-mobile=\"30\" data-height-tab=\"30\" data-height-tab-portrait=\"\" data-height-mobile-landscape=\"\" style=\"clear:both;display:block;\"><\/div><div class=\"w-tabs layout_hor style_modern switch_click has_scrolling\" style=\"--sections-title-size:1em\"><div class=\"w-tabs-list items_4 align_none\"><div class=\"w-tabs-list-h\"><button class=\"w-tabs-item active defined-active\" aria-controls=\"content-o95a\" aria-expanded=\"true\"><span class=\"w-tabs-item-title\">Luxury Bath<\/span><\/button><button class=\"w-tabs-item\" aria-controls=\"content-sf36\" aria-expanded=\"false\"><span class=\"w-tabs-item-title\">Full-Service Groom<\/span><\/button><button class=\"w-tabs-item\" aria-controls=\"content-u4cc\" aria-expanded=\"false\"><span class=\"w-tabs-item-title\">Mini-Groom<\/span><\/button><button class=\"w-tabs-item\" aria-controls=\"content-b13c\" aria-expanded=\"false\"><span class=\"w-tabs-item-title\">Curly + Double Coated<\/span><\/button><\/div><\/div><div class=\"w-tabs-sections titles-align_none icon_chevron cpos_right\"><div class=\"w-tabs-section\" id=\"sf36\"><button class=\"w-tabs-section-header\" aria-controls=\"content-sf36\" aria-expanded=\"false\"><div class=\"w-tabs-section-title\">Full-Service Groom<\/div><div class=\"w-tabs-section-control\"><\/div><\/button><div  class=\"w-tabs-section-content\" id=\"content-sf36\"><div class=\"w-tabs-section-content-h i-cf\"><div class=\"wpb_text_column\"><div class=\"wpb_wrapper\"><ul>\n<li>\n<p class=\"\"><span style=\"vertical-align: inherit;\"><span style=\"vertical-align: inherit;\"><span style=\"vertical-align: inherit;\"><span style=\"vertical-align: inherit;\">Ba\u00f1o refrescante con champ\u00fa seleccionado a mano con la mejor calidad espec\u00edfica para la raza y necesidades de tu perro.<\/span><\/span><\/span><\/span><\/p>\n<\/li>\n<li><span style=\"vertical-align: inherit;\"><span style=\"vertical-align: inherit;\"><span style=\"vertical-align: inherit;\"><span style=\"vertical-align: inherit;\">Tratamiento facial con ar\u00e1ndanos\u00a0<\/span><\/span><\/span><\/span><\/li>\n<li><span style=\"vertical-align: inherit;\"><span style=\"vertical-align: inherit;\"><span style=\"vertical-align: inherit;\"><span style=\"vertical-align: inherit;\">Limpieza de o\u00eddos\u00a0\u00a0<\/span><\/span><\/span><\/span><\/li>\n<li><span style=\"vertical-align: inherit;\"><span style=\"vertical-align: inherit;\"><span style=\"vertical-align: inherit;\"><span style=\"vertical-align: inherit;\">Corte de u\u00f1as\u00a0<\/span><\/span><\/span><\/span><\/li>\n<li style=\"text-align: left;\"><span style=\"vertical-align: inherit;\"><span style=\"vertical-align: inherit;\"><span style=\"vertical-align: inherit;\"><span style=\"vertical-align: inherit;\">Pa\u00f1uelo o lazo y colonia de cortes\u00eda.<\/span><\/span><\/span><\/span><\/li>\n<\/ul>\n<p style=\"text-align: center;\"><b><span style=\"vertical-align: inherit;\"><span style=\"vertical-align: inherit;\"><span style=\"vertical-align: inherit;\"><span style=\"vertical-align: inherit;\">El precio var\u00eda seg\u00fan la raza, el estado del pelaje y el comportamiento.<\/span><\/span><\/span><\/span><\/b><\/p>\n<\/div><\/div><div class=\"wpb_text_column\"><div class=\"wpb_wrapper\"><table style=\"height: 138px;\" width=\"568\">\n<tbody>\n<tr>\n<td style=\"text-align: left;\" width=\"137\"><span style=\"vertical-align: inherit;\"><span style=\"vertical-align: inherit;\">Perro peque\u00f1o<\/span><\/span><\/td>\n<td style=\"text-align: left;\" width=\"250\"><span style=\"vertical-align: inherit;\"><span style=\"vertical-align: inherit;\">\u00a0A partir de $40.00<\/span><\/span><\/td>\n<\/tr>\n<tr>\n<td><span style=\"vertical-align: inherit;\"><span style=\"vertical-align: inherit;\">Perro mediano<\/span><\/span><\/td>\n<td style=\"text-align: left;\"><span style=\"vertical-align: inherit;\"><span style=\"vertical-align: inherit;\">A partir de $50.00<\/span><\/span><\/td>\n<\/tr>\n<tr>\n<td style=\"text-align: left;\"><span style=\"vertical-align: inherit;\"><span style=\"vertical-align: inherit;\">Perro grande<\/span><\/span><\/td>\n<td style=\"text-align: left;\"><span style=\"vertical-align: inherit;\"><span style=\"vertical-align: inherit;\">A partir de $60.00<\/span><\/span><\/td>\n<\/tr>\n<tr>\n<td style=\"text-align: left;\"><span style=\"vertical-align: inherit;\"><span style=\"vertical-align: inherit;\">Perro XL<\/span><\/span><\/td>\n<td style=\"text-align: left;\"><span style=\"vertical-align: inherit;\"><span style=\"vertical-align: inherit;\">A partir de $70.00<\/span><\/span><\/td>\n<\/tr>\n<\/tbody>\n<\/table>\n<\/div><\/div><\/div><\/div><\/div><div class=\"w-tabs-section\" id=\"u4cc\"><button class=\"w-tabs-section-header\" aria-controls=\"content-u4cc\" aria-expanded=\"false\"><div class=\"w-tabs-section-title\">Mini-Groom<\/div><div class=\"w-tabs-section-control\"><\/div><\/button><div  class=\"w-tabs-section-content\" id=\"content-u4cc\"><div class=\"w-tabs-section-content-h i-cf\"><div class=\"wpb_text_column\"><div class=\"wpb_wrapper\"><ul>\n<li>Refreshing bath with hand-selected shampoo of the highest quality specific to your dog&#8217;s breed and needs.<\/li>\n<li>Facial treatment with blueberries<\/li>\n<li>Ear cleaning<\/li>\n<li>Nail trimming and dremel<\/li>\n<li>Full body haircut, including face, sanitary areas and paw pads.<\/li>\n<li>Complimentary bandana or bow and cologne.<\/li>\n<\/ul>\n<p style=\"text-align: center;\"><strong>Price varies depending on breed, coat condition and behavior.<\/strong><\/p>\n<\/div><\/div><div class=\"wpb_text_column\"><div class=\"wpb_wrapper\"><table style=\"height: 138px;\" width=\"568\">\n<tbody>\n<tr>\n<td width=\"137\"><span style=\"vertical-align: inherit;\"><span style=\"vertical-align: inherit;\">Small Dog<\/span><\/span><\/td>\n<td width=\"250\"><span style=\"vertical-align: inherit;\"><span style=\"vertical-align: inherit;\">Starting at $75.00<\/span><\/span><\/td>\n<\/tr>\n<tr>\n<td><span style=\"vertical-align: inherit;\"><span style=\"vertical-align: inherit;\">Medium Dog<\/span><\/span><\/td>\n<td><span style=\"vertical-align: inherit;\"><span style=\"vertical-align: inherit;\">Starting at $85.00<\/span><\/span><\/td>\n<\/tr>\n<tr>\n<td><span style=\"vertical-align: inherit;\"><span style=\"vertical-align: inherit;\">Large Dog<\/span><\/span><\/td>\n<td><span style=\"vertical-align: inherit;\"><span style=\"vertical-align: inherit;\">Starting at $100.00<\/span><\/span><\/td>\n<\/tr>\n<tr>\n<td><span style=\"vertical-align: inherit;\"><span style=\"vertical-align: inherit;\">XL Dog<\/span><\/span><\/td>\n<td><span style=\"vertical-align: inherit;\"><span style=\"vertical-align: inherit;\">Starting at $110.00<\/span><\/span><\/td>\n<\/tr>\n<\/tbody>\n<\/table>\n<\/div><\/div><\/div><\/div><\/div><div class=\"w-tabs-section active\" id=\"b13c\"><button class=\"w-tabs-section-header active\" aria-controls=\"content-b13c\" aria-expanded=\"true\"><div class=\"w-tabs-section-title\">Curly + Double Coated<\/div><div class=\"w-tabs-section-control\"><\/div><\/button><div  class=\"w-tabs-section-content\" id=\"content-b13c\"><div class=\"w-tabs-section-content-h i-cf\"><div class=\"wpb_text_column\"><div class=\"wpb_wrapper\"><ul>\n<li>Refreshing bath with hand-selected shampoo of the highest quality specific to your dog&#8217;s breed and needs.<\/li>\n<li>Facial treatment with blueberries<\/li>\n<li>Ear cleaning<\/li>\n<li>Nail trimming and dremel<\/li>\n<li>Trimming of face, paw pads and sanitary areas.<\/li>\n<li>Complimentary bandana or bow and cologne.<\/li>\n<\/ul>\n<p style=\"text-align: center;\"><strong>Price varies depending on breed, coat condition and behavior.<\/strong><\/p>\n<\/div><\/div><div class=\"wpb_text_column\"><div class=\"wpb_wrapper\"><table style=\"height: 138px;\" width=\"568\">\n<tbody>\n<tr>\n<td width=\"137\"><span style=\"vertical-align: inherit;\"><span style=\"vertical-align: inherit;\">Small Dog<\/span><\/span><\/td>\n<td width=\"250\"><span style=\"vertical-align: inherit;\"><span style=\"vertical-align: inherit;\">\u00a0Starting at $60.00<\/span><\/span><\/td>\n<\/tr>\n<tr>\n<td><span style=\"vertical-align: inherit;\"><span style=\"vertical-align: inherit;\">Medium Dog<\/span><\/span><\/td>\n<td><span style=\"vertical-align: inherit;\"><span style=\"vertical-align: inherit;\">\u00a0Starting at $70.00<\/span><\/span><\/td>\n<\/tr>\n<tr>\n<td><span style=\"vertical-align: inherit;\"><span style=\"vertical-align: inherit;\">Large Dog<\/span><\/span><\/td>\n<td><span style=\"vertical-align: inherit;\"><span style=\"vertical-align: inherit;\">\u00a0Starting at $85.00<\/span><\/span><\/td>\n<\/tr>\n<tr>\n<td><span style=\"vertical-align: inherit;\"><span style=\"vertical-align: inherit;\">XL Dog<\/span><\/span><\/td>\n<td><span style=\"vertical-align: inherit;\"><span style=\"vertical-align: inherit;\">Starting at $95.00<\/span><\/span><\/td>\n<\/tr>\n<\/tbody>\n<\/table>\n<\/div><\/div><\/div><\/div><\/div><div class=\"w-tabs-section\" id=\"p930\"><button class=\"w-tabs-section-header\" aria-controls=\"content-p930\" aria-expanded=\"false\"><div class=\"w-tabs-section-title\">Curly + Double Coated<\/div><div class=\"w-tabs-section-control\"><\/div><\/button><div  class=\"w-tabs-section-content\" id=\"content-p930\"><div class=\"w-tabs-section-content-h i-cf\"><div class=\"wpb_text_column\"><div class=\"wpb_wrapper\"><p><strong>Luxury Bath<\/strong><\/p>\n<table style=\"height: 138px;\" width=\"568\">\n<tbody>\n<tr>\n<td width=\"137\"><span style=\"vertical-align: inherit;\">Small Dog<\/span><\/td>\n<td width=\"250\"><span style=\"vertical-align: inherit;\">Starting at $45.00<\/span><\/td>\n<\/tr>\n<tr>\n<td><span style=\"vertical-align: inherit;\">Medium Dog<\/span><\/td>\n<td><span style=\"vertical-align: inherit;\">Starting at $55.00<\/span><\/td>\n<\/tr>\n<tr>\n<td><span style=\"vertical-align: inherit;\">Large Dog<\/span><\/td>\n<td><span style=\"vertical-align: inherit;\">Starting at $65.00<\/span><\/td>\n<\/tr>\n<tr>\n<td><span style=\"vertical-align: inherit;\">XL Dog<\/span><\/td>\n<td><span style=\"vertical-align: inherit;\">Starting at $75.00<\/span><\/td>\n<\/tr>\n<\/tbody>\n<\/table>\n<p><strong>Mini Groom<\/strong><\/p>\n<table style=\"height: 138px;\" width=\"568\">\n<tbody>\n<tr>\n<td width=\"137\"><span style=\"vertical-align: inherit;\">Small Dog<\/span><\/td>\n<td width=\"250\"><span style=\"vertical-align: inherit;\">Starting at $85.00<\/span><\/td>\n<\/tr>\n<tr>\n<td><span style=\"vertical-align: inherit;\">Medium Dog<\/span><\/td>\n<td><span style=\"vertical-align: inherit;\">Starting at $100.00<\/span><\/td>\n<\/tr>\n<tr>\n<td><span style=\"vertical-align: inherit;\">Large Dog<\/span><\/td>\n<td><span style=\"vertical-align: inherit;\">Starting at $120.00<\/span><\/td>\n<\/tr>\n<tr>\n<td><span style=\"vertical-align: inherit;\">XL Dog<\/span><\/td>\n<td><span style=\"vertical-align: inherit;\">Starting at $140.00<\/span><\/td>\n<\/tr>\n<\/tbody>\n<\/table>\n<p><strong>Full Service Groom<\/strong><\/p>\n<table style=\"height: 138px;\" width=\"568\">\n<tbody>\n<tr>\n<td width=\"137\"><span style=\"vertical-align: inherit;\">Small Dog<\/span><\/td>\n<td width=\"250\"><span style=\"vertical-align: inherit;\">Starting at $100.00<\/span><\/td>\n<\/tr>\n<tr>\n<td><span style=\"vertical-align: inherit;\">Medium Dog<\/span><\/td>\n<td><span style=\"vertical-align: inherit;\">Starting at $120.00<\/span><\/td>\n<\/tr>\n<tr>\n<td><span style=\"vertical-align: inherit;\">Large Dog<\/span><\/td>\n<td><span style=\"vertical-align: inherit;\">Starting at $140.00<\/span><\/td>\n<\/tr>\n<tr>\n<td><span style=\"vertical-align: inherit;\">XL Dog<\/span><\/td>\n<td>\n<p><span style=\"vertical-align: inherit;\">Starti<\/span><span style=\"vertical-align: inherit;\">ng at $160.00<\/span><\/p>\n<\/td>\n<\/tr>\n<\/tbody>\n<\/table>\n<\/div><\/div><div class=\"w-tabs-section active content-empty\" id=\"o95a\"><button class=\"w-tabs-section-header active\" aria-controls=\"content-o95a\" aria-expanded=\"true\"><div class=\"w-tabs-section-title\">Luxury Bath<\/div><div class=\"w-tabs-section-control\"><\/div><\/button><div  class=\"w-tabs-section-content\" id=\"content-o95a\"><div class=\"w-tabs-section-content-h i-cf\"><\/div><\/div><\/div><\/div><\/div><\/div>\n<p>\u00a0<\/p>\n<table style=\"height: 138px;\" width=\"568\">\n<tbody>\n<tr>\n<td width=\"137\"><span style=\"vertical-align: inherit;\">Small Dog<\/span><\/td>\n<td width=\"250\"><span style=\"vertical-align: inherit;\">\u00a0Starting at $45.00<\/span><\/td>\n<\/tr>\n<tr>\n<td><span style=\"vertical-align: inherit;\">Medium Dog<\/span><\/td>\n<td><span style=\"vertical-align: inherit;\">\u00a0Starting at $55.00<\/span><\/td>\n<\/tr>\n<tr>\n<td><span style=\"vertical-align: inherit;\">Large Dog<\/span><\/td>\n<td><span style=\"vertical-align: inherit;\">\u00a0Starting at $65.00<\/span><\/td>\n<\/tr>\n<tr>\n<td><span style=\"vertical-align: inherit;\">XL Dog<\/span><\/td>\n<td>\n<p><span style=\"vertical-align: inherit;\">Starti<\/span><span style=\"vertical-align: inherit;\">ng at $75.00<\/span><\/p>\n<\/td>\n<\/tr>\n<\/tbody>\n<\/table>\n[\/vc_column_text][\/vc_tta_section]<\/div><\/div><\/div><\/div><\/div><\/div><\/section><section class=\"l-section wpb_row height_medium with_shape\"><div class=\"l-section-overlay\" style=\"background:#6622aa\"><\/div><div class=\"l-section-shape type_wave pos_top on_front\" style=\"height:12vmin;\"><svg xmlns=\"http:\/\/www.w3.org\/2000\/svg\" viewBox=\"0 4 64 4\" preserveAspectRatio=\"none\" width=\"100%\" height=\"100%\">\r\n\t<path fill=\"currentColor\" d=\"M64 6 C32 0 32 12 0 6 L0 8 L64 8 Z\"\/>\r\n<\/svg><\/div><div class=\"l-section-shape type_wave pos_bottom on_front\" style=\"height:12vmin;\"><svg xmlns=\"http:\/\/www.w3.org\/2000\/svg\" viewBox=\"0 4 64 4\" preserveAspectRatio=\"none\" width=\"100%\" height=\"100%\">\r\n\t<path fill=\"currentColor\" d=\"M64 6 C32 0 32 12 0 6 L0 8 L64 8 Z\"\/>\r\n<\/svg><\/div><div class=\"l-section-h i-cf\"><div class=\"g-cols vc_row via_grid cols_1-4-1 laptops-cols_inherit tablets-cols_inherit mobiles-cols_1 valign_middle type_default stacking_default\"><div class=\"wpb_column vc_column_container\"><div class=\"vc_column-inner\"><\/div><\/div><div class=\"wpb_column vc_column_container\"><div class=\"vc_column-inner\"><div class=\"ult-spacer spacer-69f637d05f855\" data-id=\"69f637d05f855\" data-height=\"60\" data-height-mobile=\"60\" data-height-tab=\"60\" data-height-tab-portrait=\"\" data-height-mobile-landscape=\"\" style=\"clear:both;display:block;\"><\/div><div class=\"g-cols wpb_row via_grid cols_2 laptops-cols_inherit tablets-cols_inherit mobiles-cols_1 valign_top type_default stacking_default\" style=\"--gap:1rem;\" id=\"white-box\"><div class=\"wpb_column vc_column_container\"><div class=\"vc_column-inner\"><div class=\"wpb_text_column\"><div class=\"wpb_wrapper\"><h2>Add-Ons<\/h2>\n<\/div><\/div><div class=\"wpb_text_column\"><div class=\"wpb_wrapper\"><table style=\"height: 215px;\" width=\"568\">\n<tbody>\n<tr>\n<td width=\"198\">\n<p>De-Matting<\/p>\n<\/td>\n<td width=\"250\">\n<p>$10.00 &#8211; $40.00<\/p>\n<\/td>\n<\/tr>\n<tr>\n<td>De-Shedding<\/td>\n<td>$20.00 +<\/td>\n<\/tr>\n<tr>\n<td>Nail Dremel<\/td>\n<td>$20.00<\/td>\n<\/tr>\n<tr>\n<td>Special Handling<\/td>\n<td>$10.00 &#8211; $40.00<\/td>\n<\/tr>\n<tr>\n<td>\n<p>Teeth Brushing<\/p>\n<\/td>\n<td>$10.00<\/td>\n<\/tr>\n<\/tbody>\n<\/table>\n<\/div><\/div><\/div><\/div><div class=\"wpb_column vc_column_container\"><div class=\"vc_column-inner\"><div class=\"wpb_text_column\"><div class=\"wpb_wrapper\"><h2>A La Carte Items<\/h2>\n<\/div><\/div><div class=\"wpb_text_column\"><div class=\"wpb_wrapper\"><table style=\"height: 114px;\" width=\"572\">\n<tbody>\n<tr>\n<td width=\"198\">\n<p style=\"text-align: center;\">Nail clipping<\/p>\n<\/td>\n<td style=\"text-align: center;\" width=\"250\">\u00a0$20.00<\/td>\n<\/tr>\n<tr>\n<td>\n<p style=\"text-align: center;\">Nail Clipping and Dremel<\/p>\n<\/td>\n<td style=\"text-align: center;\">$25.00<\/td>\n<\/tr>\n<tr>\n<td>\n<p style=\"text-align: center;\">Anal Gland Expression<\/p>\n<\/td>\n<td style=\"text-align: center;\">$5.00<\/td>\n<\/tr>\n<tr>\n<td>\n<p style=\"text-align: center;\">Ear Cleaning\u00a0<\/p>\n<\/td>\n<td style=\"text-align: center;\">$5.00<\/td>\n<\/tr>\n<tr>\n<td>\n<p style=\"text-align: center;\">Teeth Brushing\u00a0<\/p>\n<\/td>\n<td style=\"text-align: center;\">$10.00<\/td>\n<\/tr>\n<tr>\n<td>\n<p style=\"text-align: center;\">Ear Plucking and Cleaning\u00a0<\/p>\n<\/td>\n<td style=\"text-align: center;\">$12.00<\/td>\n<\/tr>\n<tr>\n<td style=\"text-align: left;\">\n<p style=\"text-align: center;\">Willow&#8217;s Pedi: Nail Clipping, Dremel and Paint.<\/p>\n<\/td>\n<td>\n<p style=\"text-align: center;\">$35.00<\/p>\n<\/td>\n<\/tr>\n<\/tbody>\n<\/table>\n<\/div><\/div><\/div><\/div><\/div><div class=\"ult-spacer spacer-69f637d060eb6\" data-id=\"69f637d060eb6\" data-height=\"60\" data-height-mobile=\"60\" data-height-tab=\"60\" data-height-tab-portrait=\"\" data-height-mobile-landscape=\"\" style=\"clear:both;display:block;\"><\/div><\/div><\/div><div class=\"wpb_column vc_column_container\"><div class=\"vc_column-inner\"><\/div><\/div><\/div><\/div><\/section><section class=\"l-section wpb_row us_custom_f658a1ad height_medium with_img with_shape\" id=\"about\"><div class=\"l-section-img\" role=\"img\" data-img-width=\"2000\" data-img-height=\"880\" style=\"background-image: url(https:\/\/newproject.serverxdigitalmarketing.com\/willow-backup\/wp-content\/uploads\/2024\/06\/background-3-1.jpg);\"><\/div><div class=\"l-section-shape type_wave pos_bottom on_front hor_flip\" style=\"height:15vmin;color:#361259\"><svg xmlns=\"http:\/\/www.w3.org\/2000\/svg\" viewBox=\"0 4 64 4\" preserveAspectRatio=\"none\" width=\"100%\" height=\"100%\">\r\n\t<path fill=\"currentColor\" d=\"M64 6 C32 0 32 12 0 6 L0 8 L64 8 Z\"\/>\r\n<\/svg><\/div><div class=\"l-section-h i-cf\"><div class=\"g-cols vc_row via_grid cols_2 laptops-cols_inherit tablets-cols_inherit mobiles-cols_1 valign_top type_default stacking_default\"><div class=\"wpb_column vc_column_container us_custom_8f7b07a9 us_animate_this\"><div class=\"vc_column-inner\"><div class=\"wpb_text_column\"><div class=\"wpb_wrapper\"><h2>Size Chart<\/h2>\n<\/div><\/div><div class=\"wpb_text_column\"><div class=\"wpb_wrapper\"><table style=\"height: 138px;\" width=\"568\">\n<tbody>\n<tr>\n<td width=\"137\">Small Dog<\/td>\n<td width=\"250\">Up to 20 lbs<\/td>\n<\/tr>\n<tr>\n<td>Medium Dog<\/td>\n<td>Up to 40 lbs<\/td>\n<\/tr>\n<tr>\n<td>Large Dog<\/td>\n<td>Up to 60 lbs<\/td>\n<\/tr>\n<tr>\n<td>XL Dog<\/td>\n<td>Over 60 lbs<\/td>\n<\/tr>\n<\/tbody>\n<\/table>\n<\/div><\/div><\/div><\/div><div class=\"wpb_column vc_column_container us_custom_b5bd4ca3 us_animate_this\"><div class=\"vc_column-inner\"><div class=\"wpb_text_column\"><div class=\"wpb_wrapper\"><pre><em>Prices are based on coat type, size, breed, and temperament of the dog. All dogs must have proof of Rabies Vaccine and <\/em><a href=\"https:\/\/newproject.serverxdigitalmarketing.com\/willow-backup\/s\/Grooming-Enrollment-Form-Waiver_Updated_2023-01-18_Optimized.pdf\" target=\"_blank\" rel=\"noopener\"><em>Enrollment Form<\/em><\/a><em> on file.<\/em><\/pre>\n<\/div><\/div><div class=\"ult-spacer spacer-69f637d062103\" data-id=\"69f637d062103\" data-height=\"30\" data-height-mobile=\"30\" data-height-tab=\"30\" data-height-tab-portrait=\"\" data-height-mobile-landscape=\"\" style=\"clear:both;display:block;\"><\/div><div class=\"wpb_text_column\"><div class=\"wpb_wrapper\"><h4><strong>Feel free to give us a call at <a href=\"tel:407-603-1875\">407-603-1875<\/a> for a more accurate quote or click the link below to schedule your appointment!<\/strong><\/h4>\n<\/div><\/div><div class=\"ult-spacer spacer-69f637d06231c\" data-id=\"69f637d06231c\" data-height=\"30\" data-height-mobile=\"30\" data-height-tab=\"30\" data-height-tab-portrait=\"\" data-height-mobile-landscape=\"\" style=\"clear:both;display:block;\"><\/div><div class=\"w-btn-wrapper align_none\"><a class=\"w-btn us-btn-style_1\" target=\"_blank\" href=\"\/willowsgroomer\/appointment-booking\/\"><span class=\"w-btn-label\">BOOK NOW<\/span><\/a><\/div><\/div><\/div><\/div><\/div><\/section>\n","protected":false},"excerpt":{"rendered":"Dog Services and Pricing Luxury BathFull-Service GroomMini-GroomCurly + Double CoatedFull-Service Groom Ba\u00f1o refrescante con champ\u00fa seleccionado a mano con la mejor calidad espec\u00edfica para la raza y necesidades de tu perro. Tratamiento facial con ar\u00e1ndanos\u00a0 Limpieza de o\u00eddos\u00a0\u00a0 Corte de u\u00f1as\u00a0 Pa\u00f1uelo o lazo y colonia de cortes\u00eda. El precio var\u00eda seg\u00fan la raza, el...","protected":false},"author":1,"featured_media":0,"parent":0,"menu_order":0,"comment_status":"closed","ping_status":"closed","template":"","meta":{"footnotes":""},"class_list":["post-642","page","type-page","status-publish","hentry"],"_links":{"self":[{"href":"https:\/\/newproject.serverxdigitalmarketing.com\/willow-backup\/es\/wp-json\/wp\/v2\/pages\/642","targetHints":{"allow":["GET"]}}],"collection":[{"href":"https:\/\/newproject.serverxdigitalmarketing.com\/willow-backup\/es\/wp-json\/wp\/v2\/pages"}],"about":[{"href":"https:\/\/newproject.serverxdigitalmarketing.com\/willow-backup\/es\/wp-json\/wp\/v2\/types\/page"}],"author":[{"embeddable":true,"href":"https:\/\/newproject.serverxdigitalmarketing.com\/willow-backup\/es\/wp-json\/wp\/v2\/users\/1"}],"replies":[{"embeddable":true,"href":"https:\/\/newproject.serverxdigitalmarketing.com\/willow-backup\/es\/wp-json\/wp\/v2\/comments?post=642"}],"version-history":[{"count":143,"href":"https:\/\/newproject.serverxdigitalmarketing.com\/willow-backup\/es\/wp-json\/wp\/v2\/pages\/642\/revisions"}],"predecessor-version":[{"id":1802,"href":"https:\/\/newproject.serverxdigitalmarketing.com\/willow-backup\/es\/wp-json\/wp\/v2\/pages\/642\/revisions\/1802"}],"wp:attachment":[{"href":"https:\/\/newproject.serverxdigitalmarketing.com\/willow-backup\/es\/wp-json\/wp\/v2\/media?parent=642"}],"curies":[{"name":"wp","href":"https:\/\/api.w.org\/{rel}","templated":true}]}}