{"id":642,"date":"2024-06-13T17:36:38","date_gmt":"2024-06-13T17:36:38","guid":{"rendered":"https:\/\/newproject.serverxdigitalmarketing.com\/willowsgroomer\/?page_id=642"},"modified":"2025-03-10T21:10:57","modified_gmt":"2025-03-10T21:10:57","slug":"dog-services-and-pricing-2","status":"publish","type":"page","link":"https:\/\/newproject.serverxdigitalmarketing.com\/willowsgroomer\/es\/dog-services-and-pricing-2\/","title":{"rendered":"Servicios y Precios para Perros"},"content":{"rendered":"<section class=\"l-section wpb_row height_medium\"><div class=\"l-section-h i-cf\"><div class=\"g-cols vc_row via_grid cols_1-2 laptops-cols_inherit tablets-cols_inherit mobiles-cols_1 valign_middle type_default stacking_default\"><div class=\"wpb_column vc_column_container\"><div class=\"vc_column-inner\"><div class=\"w-image img-1 align_none\"><div class=\"w-image-h\"><img decoding=\"async\" width=\"1000\" height=\"1000\" src=\"https:\/\/newproject.serverxdigitalmarketing.com\/willowsgroomer\/wp-content\/uploads\/2024\/06\/dog.jpg\" class=\"attachment-large size-large\" alt=\"\" loading=\"lazy\" srcset=\"https:\/\/newproject.serverxdigitalmarketing.com\/willowsgroomer\/wp-content\/uploads\/2024\/06\/dog.jpg 1000w, https:\/\/newproject.serverxdigitalmarketing.com\/willowsgroomer\/wp-content\/uploads\/2024\/06\/dog-300x300.jpg 300w, https:\/\/newproject.serverxdigitalmarketing.com\/willowsgroomer\/wp-content\/uploads\/2024\/06\/dog-150x150.jpg 150w\" sizes=\"auto, (max-width: 1000px) 100vw, 1000px\" \/><\/div><\/div><div class=\"w-image img-2 align_none\"><div class=\"w-image-h\"><img decoding=\"async\" width=\"1000\" height=\"1000\" src=\"https:\/\/newproject.serverxdigitalmarketing.com\/willowsgroomer\/wp-content\/uploads\/2024\/06\/2149198673.jpg\" class=\"attachment-large size-large\" alt=\"\" loading=\"lazy\" srcset=\"https:\/\/newproject.serverxdigitalmarketing.com\/willowsgroomer\/wp-content\/uploads\/2024\/06\/2149198673.jpg 1000w, https:\/\/newproject.serverxdigitalmarketing.com\/willowsgroomer\/wp-content\/uploads\/2024\/06\/2149198673-300x300.jpg 300w, https:\/\/newproject.serverxdigitalmarketing.com\/willowsgroomer\/wp-content\/uploads\/2024\/06\/2149198673-150x150.jpg 150w\" sizes=\"auto, (max-width: 1000px) 100vw, 1000px\" \/><\/div><\/div><\/div><\/div><div class=\"wpb_column vc_column_container\"><div class=\"vc_column-inner\"><div class=\"ult-spacer spacer-69f65435605bc\" data-id=\"69f65435605bc\" data-height=\"\" data-height-mobile=\"\" data-height-tab=\"\" data-height-tab-portrait=\"\" data-height-mobile-landscape=\"\" style=\"clear:both;display:block;\"><\/div><div id=\"ultimate-heading-765569f6543560640\" class=\"uvc-heading ult-adjust-bottom-margin ultimate-heading-765569f6543560640 uvc-1030 \" data-hspacer=\"line_only\"  data-halign=\"left\" style=\"text-align:left\"><div class=\"uvc-sub-heading ult-responsive\"  data-ultimate-target='.uvc-heading.ultimate-heading-765569f6543560640 .uvc-sub-heading '  data-responsive-json-new='{\"font-size\":\"\",\"line-height\":\"\"}'  style=\"font-weight:normal;\">\n<h1>Servicios y Precios <span style=\"color: #6622aa;\">para Perros<\/span><\/h1>\n<\/div><div class=\"uvc-heading-spacer line_only\" style=\"margin-top:5px;margin-bottom:10px;height:3px;\"><span class=\"uvc-headings-line\" style=\"border-style:solid;border-bottom-width:3px;border-color:#6622aa;width:150px;\"><\/span><\/div><\/div><div class=\"ult-spacer spacer-69f65435606ad\" data-id=\"69f65435606ad\" data-height=\"30\" data-height-mobile=\"30\" data-height-tab=\"30\" data-height-tab-portrait=\"\" data-height-mobile-landscape=\"\" style=\"clear:both;display:block;\"><\/div><div class=\"w-tabs layout_hor style_modern switch_click has_scrolling\" style=\"--sections-title-size:1em\"><div class=\"w-tabs-list items_4 align_none\"><div class=\"w-tabs-list-h\"><button class=\"w-tabs-item active defined-active\" aria-controls=\"content-i042\" aria-expanded=\"true\"><span class=\"w-tabs-item-title\">Ba\u00f1o de Lujo<\/span><\/button><button class=\"w-tabs-item\" aria-controls=\"content-y594\" aria-expanded=\"false\"><span class=\"w-tabs-item-title\">Servicio completo de peluquer\u00eda<\/span><\/button><button class=\"w-tabs-item\" aria-controls=\"content-dabc\" aria-expanded=\"false\"><span class=\"w-tabs-item-title\">Mini-Corte<\/span><\/button><button class=\"w-tabs-item\" aria-controls=\"content-fd80\" aria-expanded=\"false\"><span class=\"w-tabs-item-title\">Paquete para Cachorros<\/span><\/button><\/div><\/div><div class=\"w-tabs-sections titles-align_none icon_chevron cpos_right\"><div class=\"w-tabs-section active\" id=\"i042\"><button class=\"w-tabs-section-header active\" aria-controls=\"content-i042\" aria-expanded=\"true\"><div class=\"w-tabs-section-title\">Ba\u00f1o de Lujo<\/div><div class=\"w-tabs-section-control\"><\/div><\/button><div  class=\"w-tabs-section-content\" id=\"content-i042\"><div class=\"w-tabs-section-content-h i-cf\"><div class=\"wpb_text_column\"><div class=\"wpb_wrapper\"><ul>\n<li>Ba\u00f1o refrescante con champ\u00fa seleccionado a mano con la mejor calidad espec\u00edfica para la raza y necesidades de tu perro.<\/li>\n<li>Tratamiento facial con ar\u00e1ndanos.<\/li>\n<li>Limpieza de o\u00eddos.<\/li>\n<li>Corte de u\u00f1as.<\/li>\n<li>Pa\u00f1uelo o lazo y colonia de cortes\u00eda.<\/li>\n<\/ul>\n<p style=\"text-align: center;\"><strong>El precio var\u00eda seg\u00fan la raza, el estado del pelaje y el comportamiento.<\/strong><\/p>\n<\/div><\/div><div class=\"wpb_text_column\"><div class=\"wpb_wrapper\"><table style=\"height: 138px;\" width=\"568\">\n<tbody>\n<tr>\n<td width=\"137\">Perro Peque\u00f1o<\/td>\n<td width=\"250\">a partir de $60.00<\/td>\n<\/tr>\n<tr>\n<td>Perro Mediano<\/td>\n<td>a partir de $70.00<\/td>\n<\/tr>\n<tr>\n<td>Perro Grande<\/td>\n<td>a partir de $85.00<\/td>\n<\/tr>\n<tr>\n<td>Perro XL<\/td>\n<td>a partir de $95.00<\/td>\n<\/tr>\n<\/tbody>\n<\/table>\n<\/div><\/div><\/div><\/div><\/div><div class=\"w-tabs-section\" id=\"y594\"><button class=\"w-tabs-section-header\" aria-controls=\"content-y594\" aria-expanded=\"false\"><div class=\"w-tabs-section-title\">Servicio completo de peluquer\u00eda<\/div><div class=\"w-tabs-section-control\"><\/div><\/button><div  class=\"w-tabs-section-content\" id=\"content-y594\"><div class=\"w-tabs-section-content-h i-cf\"><div class=\"wpb_text_column\"><div class=\"wpb_wrapper\"><ul>\n<li>Ba\u00f1o refrescante con champ\u00fa seleccionado a mano de la m\u00e1s alta calidad espec\u00edfico para la raza y las necesidades de su perro.<\/li>\n<li>Tratamiento facial con ar\u00e1ndanos.<\/li>\n<li>Limpieza de o\u00eddos.<\/li>\n<li>Corte de u\u00f1as.<\/li>\n<li>Bandana o lazo y colonia de cortes\u00eda.<\/li>\n<\/ul>\n<p style=\"text-align: center;\"><strong>El precio var\u00eda seg\u00fan la raza, el estado del pelaje y el comportamiento.<\/strong><\/p>\n<\/div><\/div><div class=\"wpb_text_column\"><div class=\"wpb_wrapper\"><table style=\"height: 138px;\" width=\"568\">\n<tbody>\n<tr>\n<td width=\"137\">Perro Peque\u00f1o<\/td>\n<td width=\"250\">a partir de $75.00<\/td>\n<\/tr>\n<tr>\n<td>Perro Mediano<\/td>\n<td>a partir de $85.00<\/td>\n<\/tr>\n<tr>\n<td>Perro Grande<\/td>\n<td>a partir de $100.00<\/td>\n<\/tr>\n<tr>\n<td>Perro XL<\/td>\n<td>a partir de $110.00<\/td>\n<\/tr>\n<\/tbody>\n<\/table>\n<\/div><\/div><\/div><\/div><\/div><div class=\"w-tabs-section\" id=\"dabc\"><button class=\"w-tabs-section-header\" aria-controls=\"content-dabc\" aria-expanded=\"false\"><div class=\"w-tabs-section-title\">Mini-Corte<\/div><div class=\"w-tabs-section-control\"><\/div><\/button><div  class=\"w-tabs-section-content\" id=\"content-dabc\"><div class=\"w-tabs-section-content-h i-cf\"><div class=\"wpb_text_column\"><div class=\"wpb_wrapper\"><ul>\n<li>Ba\u00f1o refrescante con champ\u00fa seleccionado a mano de la m\u00e1s alta calidad espec\u00edfico para la raza y las necesidades de su perro.<\/li>\n<li>Tratamiento facial con ar\u00e1ndanos.<\/li>\n<li>Limpieza de o\u00eddos.<\/li>\n<li>Corte y limado de u\u00f1as.<\/li>\n<li>Recorte de cara, almohadillas y zonas sanitarias.<\/li>\n<li>Bandana o lazo y colonia de cortes\u00eda.<\/li>\n<\/ul>\n<p style=\"text-align: center;\"><strong>El precio var\u00eda seg\u00fan la raza, el estado del pelaje y el comportamiento.<\/strong><\/p>\n<\/div><\/div><div class=\"wpb_text_column\"><div class=\"wpb_wrapper\"><table style=\"height: 138px;\" width=\"568\">\n<tbody>\n<tr>\n<td width=\"137\">Perro Peque\u00f1o<\/td>\n<td width=\"250\">a partir de $60.00<\/td>\n<\/tr>\n<tr>\n<td>Perro Mediano<\/td>\n<td>a partir de $70.00<\/td>\n<\/tr>\n<tr>\n<td>Perro Grande<\/td>\n<td>a partir de $85.00<\/td>\n<\/tr>\n<tr>\n<td>Perro XL<\/td>\n<td>a partir de $95.00<\/td>\n<\/tr>\n<\/tbody>\n<\/table>\n<\/div><\/div><\/div><\/div><\/div><div class=\"w-tabs-section\" id=\"fd80\"><button class=\"w-tabs-section-header\" aria-controls=\"content-fd80\" aria-expanded=\"false\"><div class=\"w-tabs-section-title\">Paquete para Cachorros<\/div><div class=\"w-tabs-section-control\"><\/div><\/button><div  class=\"w-tabs-section-content\" id=\"content-fd80\"><div class=\"w-tabs-section-content-h i-cf\"><div class=\"wpb_text_column\"><div class=\"wpb_wrapper\"><p><em><strong>Para cachorros de 8 a 12 semanas<\/strong><\/em><\/p>\n<p>Consiente a tu cachorro con d\u00edas de spa ilimitados durante un per\u00edodo de 12 semanas. Recibir\u00e1 un ba\u00f1o relajante, facial de ar\u00e1ndano, limpieza de o\u00eddos, corte y limado de u\u00f1as, secado y recorte de patas, \u00e1rea sanitaria, y entre y encima de los ojos. Este paquete tambi\u00e9n incluye una bolsa de 5 lb de comida para perros cachorros Fromm Gold, 1 bolsa de golosinas Soft &amp; Chewy de Bocce Bakery, y 1 Benebone Puppy Maplestick.<\/p>\n<p><em><strong>Raza de Perro Peque\u00f1o &#8211; Mediano $160.00<\/strong><\/em><br \/>\n<strong><em>Raza de Perro Grande &#8211; XL O de Pelo Rizado<\/em> $190.00<\/strong><br \/>\n<em>Para m\u00e1s informaci\u00f3n sobre nuestros Paquetes para Cachorros, haz clic <a href=\"https:\/\/www.willowsgroomer.com\/puppy-package\">AQUI <\/a><\/em><\/p>\n<\/div><\/div><\/div><\/div><\/div><\/div><\/div><\/div><\/div><\/div><\/div><\/section><section class=\"l-section wpb_row height_medium with_shape\"><div class=\"l-section-overlay\" style=\"background:#6622aa\"><\/div><div class=\"l-section-shape type_wave pos_top on_front\" style=\"height:12vmin;\"><svg xmlns=\"http:\/\/www.w3.org\/2000\/svg\" viewBox=\"0 4 64 4\" preserveAspectRatio=\"none\" width=\"100%\" height=\"100%\">\r\n\t<path fill=\"currentColor\" d=\"M64 6 C32 0 32 12 0 6 L0 8 L64 8 Z\"\/>\r\n<\/svg><\/div><div class=\"l-section-shape type_wave pos_bottom on_front\" style=\"height:12vmin;\"><svg xmlns=\"http:\/\/www.w3.org\/2000\/svg\" viewBox=\"0 4 64 4\" preserveAspectRatio=\"none\" width=\"100%\" height=\"100%\">\r\n\t<path fill=\"currentColor\" d=\"M64 6 C32 0 32 12 0 6 L0 8 L64 8 Z\"\/>\r\n<\/svg><\/div><div class=\"l-section-h i-cf\"><div class=\"g-cols vc_row via_grid cols_1-4-1 laptops-cols_inherit tablets-cols_inherit mobiles-cols_1 valign_middle type_default stacking_default\"><div class=\"wpb_column vc_column_container\"><div class=\"vc_column-inner\"><\/div><\/div><div class=\"wpb_column vc_column_container\"><div class=\"vc_column-inner\"><div class=\"ult-spacer spacer-69f6543564232\" data-id=\"69f6543564232\" data-height=\"60\" data-height-mobile=\"60\" data-height-tab=\"60\" data-height-tab-portrait=\"\" data-height-mobile-landscape=\"\" style=\"clear:both;display:block;\"><\/div><div class=\"g-cols wpb_row via_grid cols_2 laptops-cols_inherit tablets-cols_inherit mobiles-cols_1 valign_top type_default stacking_default\" style=\"--gap:1rem;\" id=\"white-box\"><div class=\"wpb_column vc_column_container\"><div class=\"vc_column-inner\"><div class=\"wpb_text_column\"><div class=\"wpb_wrapper\"><h3>Complementos<\/h3>\n<\/div><\/div><div class=\"wpb_text_column\"><div class=\"wpb_wrapper\"><table style=\"height: 173px;\" width=\"567\">\n<tbody>\n<tr>\n<td width=\"198\">Desenredo<\/td>\n<td width=\"250\">$10.00 \u2013 $40.00<\/td>\n<\/tr>\n<tr>\n<td>Eliminaci\u00f3n de Pelo Suelto<\/td>\n<td>$20.00 +<\/td>\n<\/tr>\n<tr>\n<td>Lijado de U\u00f1as<\/td>\n<td>$20.00<\/td>\n<\/tr>\n<tr>\n<td>Tratamiento especial<\/td>\n<td>$10.00 \u2013 $40.00<\/td>\n<\/tr>\n<tr>\n<td>Cepillado de Dientes<\/td>\n<td>$10.00<\/td>\n<\/tr>\n<\/tbody>\n<\/table>\n<\/div><\/div><\/div><\/div><div class=\"wpb_column vc_column_container\"><div class=\"vc_column-inner\"><div class=\"wpb_text_column\"><div class=\"wpb_wrapper\"><h3>Art\u00edculos a la Carta<\/h3>\n<\/div><\/div><div class=\"wpb_text_column\"><div class=\"wpb_wrapper\"><table style=\"height: 114px;\" width=\"572\">\n<tbody>\n<tr>\n<td width=\"198\">Corte de U\u00f1as<\/td>\n<td width=\"250\">\u00a0$20.00<\/td>\n<\/tr>\n<tr>\n<td>Corte de U\u00f1as y Lijado<\/td>\n<td>\u00a0$25.00<\/td>\n<\/tr>\n<tr>\n<td>Expresi\u00f3n de Gl\u00e1ndulas Anales<\/td>\n<td>$5.00<\/td>\n<\/tr>\n<tr>\n<td>Cepillado de Dientes<\/td>\n<td>$10.00<\/td>\n<\/tr>\n<tr>\n<td>Limpieza de O\u00eddos<\/td>\n<td>$5.00<\/td>\n<\/tr>\n<tr>\n<td>Arrancado y Limpieza de O\u00eddos<\/td>\n<td>$12.00<\/td>\n<\/tr>\n<tr>\n<td>Pedicura de Willo (corte, lijado y esmalte)<\/td>\n<td>$35.00<\/td>\n<\/tr>\n<\/tbody>\n<\/table>\n<\/div><\/div><\/div><\/div><\/div><div class=\"ult-spacer spacer-69f6543565651\" data-id=\"69f6543565651\" data-height=\"60\" data-height-mobile=\"60\" data-height-tab=\"60\" data-height-tab-portrait=\"\" data-height-mobile-landscape=\"\" style=\"clear:both;display:block;\"><\/div><\/div><\/div><div class=\"wpb_column vc_column_container\"><div class=\"vc_column-inner\"><\/div><\/div><\/div><\/div><\/section><section class=\"l-section wpb_row us_custom_f658a1ad height_medium with_img with_shape\" id=\"about\"><div class=\"l-section-img\" role=\"img\" data-img-width=\"2000\" data-img-height=\"880\" style=\"background-image: url(https:\/\/newproject.serverxdigitalmarketing.com\/willowsgroomer\/wp-content\/uploads\/2024\/06\/background-3-1.jpg);\"><\/div><div class=\"l-section-shape type_wave pos_bottom on_front hor_flip\" style=\"height:15vmin;color:#361259\"><svg xmlns=\"http:\/\/www.w3.org\/2000\/svg\" viewBox=\"0 4 64 4\" preserveAspectRatio=\"none\" width=\"100%\" height=\"100%\">\r\n\t<path fill=\"currentColor\" d=\"M64 6 C32 0 32 12 0 6 L0 8 L64 8 Z\"\/>\r\n<\/svg><\/div><div class=\"l-section-h i-cf\"><div class=\"g-cols vc_row via_grid cols_2 laptops-cols_inherit tablets-cols_inherit mobiles-cols_1 valign_top type_default stacking_default\"><div class=\"wpb_column vc_column_container us_custom_8f7b07a9 us_animate_this\"><div class=\"vc_column-inner\"><div class=\"wpb_text_column\"><div class=\"wpb_wrapper\"><h2>Tabla de Tama\u00f1os<\/h2>\n<\/div><\/div><div class=\"wpb_text_column\"><div class=\"wpb_wrapper\"><table style=\"height: 138px;\" width=\"568\">\n<tbody>\n<tr>\n<td width=\"137\">Perro Peque\u00f1o<\/td>\n<td width=\"250\">Hasta 20 lbs<\/td>\n<\/tr>\n<tr>\n<td>Perro Mediano<\/td>\n<td>Hasta 40 lbs<\/td>\n<\/tr>\n<tr>\n<td>Perro Grande<\/td>\n<td>Hasta 60 lbs<\/td>\n<\/tr>\n<tr>\n<td>Perro XL<\/td>\n<td>m\u00e1s de 60 lbs<\/td>\n<\/tr>\n<\/tbody>\n<\/table>\n<\/div><\/div><\/div><\/div><div class=\"wpb_column vc_column_container us_custom_b5bd4ca3 us_animate_this\"><div class=\"vc_column-inner\"><div class=\"wpb_text_column\"><div class=\"wpb_wrapper\"><h4>Los precios se basan en el tipo de pelaje, tama\u00f1o, raza y temperamento del perro. Todos los perros deben tener comprobante de la vacuna contra la rabia y el <a href=\"https:\/\/www.willowsgroomer.com\/s\/Grooming-Enrollment-Form-Waiver_Updated_2023-01-18_Optimized.pdf\">formulario de inscripci\u00f3n<\/a> archivado.<\/h4>\n<\/div><\/div><div class=\"ult-spacer spacer-69f6543566ef3\" data-id=\"69f6543566ef3\" data-height=\"30\" data-height-mobile=\"30\" data-height-tab=\"30\" data-height-tab-portrait=\"\" data-height-mobile-landscape=\"\" style=\"clear:both;display:block;\"><\/div><div class=\"wpb_text_column\"><div class=\"wpb_wrapper\"><h4><strong>\u00a1No dudes en llamarnos al <a href=\"tel:407-603-1875\">407-603-1875<\/a> para obtener un presupuesto m\u00e1s preciso o haz clic en el enlace a continuaci\u00f3n para programar tu cita!<\/strong><\/h4>\n<\/div><\/div><div class=\"ult-spacer spacer-69f65435670ff\" data-id=\"69f65435670ff\" data-height=\"30\" data-height-mobile=\"30\" data-height-tab=\"30\" data-height-tab-portrait=\"\" data-height-mobile-landscape=\"\" style=\"clear:both;display:block;\"><\/div><div class=\"w-btn-wrapper align_none\"><a class=\"w-btn us-btn-style_1\" target=\"_blank\" href=\"\/willowsgroomer\/es\/reservacion-de-citas\/\"><span class=\"w-btn-label\">RESERVAR AHORA<\/span><\/a><\/div><\/div><\/div><\/div><\/div><\/section>\n","protected":false},"excerpt":{"rendered":"Servicios y Precios para Perros Ba\u00f1o de LujoServicio completo de peluquer\u00edaMini-CortePaquete para CachorrosBa\u00f1o de Lujo Ba\u00f1o refrescante con champ\u00fa seleccionado a mano con la mejor calidad espec\u00edfica para la raza y necesidades de tu perro. Tratamiento facial con ar\u00e1ndanos. Limpieza de o\u00eddos. Corte de u\u00f1as. Pa\u00f1uelo o lazo y colonia de cortes\u00eda. El precio var\u00eda...","protected":false},"author":1,"featured_media":0,"parent":0,"menu_order":0,"comment_status":"closed","ping_status":"closed","template":"","meta":{"footnotes":""},"class_list":["post-642","page","type-page","status-publish","hentry"],"_links":{"self":[{"href":"https:\/\/newproject.serverxdigitalmarketing.com\/willowsgroomer\/es\/wp-json\/wp\/v2\/pages\/642","targetHints":{"allow":["GET"]}}],"collection":[{"href":"https:\/\/newproject.serverxdigitalmarketing.com\/willowsgroomer\/es\/wp-json\/wp\/v2\/pages"}],"about":[{"href":"https:\/\/newproject.serverxdigitalmarketing.com\/willowsgroomer\/es\/wp-json\/wp\/v2\/types\/page"}],"author":[{"embeddable":true,"href":"https:\/\/newproject.serverxdigitalmarketing.com\/willowsgroomer\/es\/wp-json\/wp\/v2\/users\/1"}],"replies":[{"embeddable":true,"href":"https:\/\/newproject.serverxdigitalmarketing.com\/willowsgroomer\/es\/wp-json\/wp\/v2\/comments?post=642"}],"version-history":[{"count":69,"href":"https:\/\/newproject.serverxdigitalmarketing.com\/willowsgroomer\/es\/wp-json\/wp\/v2\/pages\/642\/revisions"}],"predecessor-version":[{"id":1689,"href":"https:\/\/newproject.serverxdigitalmarketing.com\/willowsgroomer\/es\/wp-json\/wp\/v2\/pages\/642\/revisions\/1689"}],"wp:attachment":[{"href":"https:\/\/newproject.serverxdigitalmarketing.com\/willowsgroomer\/es\/wp-json\/wp\/v2\/media?parent=642"}],"curies":[{"name":"wp","href":"https:\/\/api.w.org\/{rel}","templated":true}]}}